 
{"id":7838,"date":"2026-03-18T03:07:04","date_gmt":"2026-03-18T02:07:04","guid":{"rendered":"https:\/\/sooksiam.de\/?page_id=7838"},"modified":"2026-03-18T03:07:04","modified_gmt":"2026-03-18T02:07:04","slug":"entdecken-sie-die-welt-der-glucksspiele-mit-einem-online-casino-paysafe-das-groszugige-willkommensboni-cashback-angebote-und-regelmasige-promotionen-fur-treue-spieler-bietet","status":"publish","type":"page","link":"https:\/\/sooksiam.de\/index.php\/entdecken-sie-die-welt-der-glucksspiele-mit-einem-online-casino-paysafe-das-groszugige-willkommensboni-cashback-angebote-und-regelmasige-promotionen-fur-treue-spieler-bietet\/","title":{"rendered":"<div style=\"position: absolute; left: -7566px;\"><p>Entdecken Sie die Welt der Gl\u00fccksspiele mit einem <a href=\"https:\/\/www.weissesross-neuses.de\/\">online casino paysafe<\/a>, das gro\u00dfz\u00fcgige Willkommensboni, Cashback-Angebote und regelm\u00e4\u00dfige Promotionen f\u00fcr treue Spieler bietet.<\/p><\/div>"},"content":{"rendered":"","protected":false},"excerpt":{"rendered":"","protected":false},"author":4,"featured_media":0,"parent":0,"menu_order":0,"comment_status":"closed","ping_status":"closed","template":"","meta":{"_et_pb_use_builder":"","_et_pb_old_content":"","_et_gb_content_width":"","footnotes":""},"class_list":["post-7838","page","type-page","status-publish","hentry"],"_links":{"self":[{"href":"https:\/\/sooksiam.de\/index.php\/wp-json\/wp\/v2\/pages\/7838","targetHints":{"allow":["GET"]}}],"collection":[{"href":"https:\/\/sooksiam.de\/index.php\/wp-json\/wp\/v2\/pages"}],"about":[{"href":"https:\/\/sooksiam.de\/index.php\/wp-json\/wp\/v2\/types\/page"}],"author":[{"embeddable":true,"href":"https:\/\/sooksiam.de\/index.php\/wp-json\/wp\/v2\/users\/4"}],"replies":[{"embeddable":true,"href":"https:\/\/sooksiam.de\/index.php\/wp-json\/wp\/v2\/comments?post=7838"}],"version-history":[{"count":1,"href":"https:\/\/sooksiam.de\/index.php\/wp-json\/wp\/v2\/pages\/7838\/revisions"}],"predecessor-version":[{"id":7840,"href":"https:\/\/sooksiam.de\/index.php\/wp-json\/wp\/v2\/pages\/7838\/revisions\/7840"}],"wp:attachment":[{"href":"https:\/\/sooksiam.de\/index.php\/wp-json\/wp\/v2\/media?parent=7838"}],"curies":[{"name":"wp","href":"https:\/\/api.w.org\/{rel}","templated":true}]}}